{"id":5431,"date":"2021-12-13T13:23:12","date_gmt":"2021-12-13T12:23:12","guid":{"rendered":"http:\/\/rabiehoutiband.com\/?page_id=5431"},"modified":"2021-12-17T10:56:08","modified_gmt":"2021-12-17T09:56:08","slug":"a-la-une","status":"publish","type":"page","link":"https:\/\/rabiehoutiband.com\/index.php\/a-la-une\/","title":{"rendered":"A La Une"},"content":{"rendered":"\t\t<div data-elementor-type=\"wp-page\" data-elementor-id=\"5431\" class=\"elementor elementor-5431\">\n\t\t\t\t\t\t\t\t\t<section class=\"elementor-section elementor-top-section elementor-element elementor-element-45aedb5 elementor-section-boxed elementor-section-height-default elementor-section-height-default\" data-id=\"45aedb5\" data-element_type=\"section\">\n\t\t\t\t\t\t<div class=\"elementor-container elementor-column-gap-default\">\n\t\t\t\t\t<div class=\"elementor-column elementor-col-100 elementor-top-column elementor-element elementor-element-16ece4b\" data-id=\"16ece4b\" data-element_type=\"column\">\n\t\t\t<div class=\"elementor-widget-wrap elementor-element-populated\">\n\t\t\t\t\t\t\t\t<div class=\"elementor-element elementor-element-41e038a align-center elementor-widget elementor-widget-mae-headings\" data-id=\"41e038a\" data-element_type=\"widget\" data-widget_type=\"mae-headings.default\">\n\t\t\t\t<div class=\"elementor-widget-container\">\n\t\t\t\t\t<div class=\"master-heading\">\n\t        \t            <div class=\"pre-heading\">A LA UNE<\/div>\n\t        \n\t        \t        <h2 class=\"main-heading\">Ev\u00e8nements \u00e0 Venir <\/h2>\n\t        \n\t        \t        <div class=\"divider\"><\/div>\n\t        \n\t        \t    <\/div>\n\t    \t\t<\/div>\n\t\t\t\t<\/div>\n\t\t\t\t<div class=\"elementor-element elementor-element-d02d8d2 news-style-2 elementor-widget elementor-widget-mae-news-carousel\" data-id=\"d02d8d2\" data-element_type=\"widget\" data-widget_type=\"mae-news-carousel.default\">\n\t\t\t\t<div class=\"elementor-widget-container\">\n\t\t\t\n        <div class=\"master-carousel-box master-news-carousel\" data-config='{\"column\":\"3\",\"gap\":\"30px\",\"arrowPosition\":null,\"arrowMiddleOffset\":null,\"arrowTopOffset\":null,\"dotOffset\":null,\"fullRight\":false,\"autoPlay\":true,\"prevNextButtons\":false,\"pageDots\":false}'>\n                            \n                    <div class=\"master-news mlr-1805909672 item-carousel \">\n                        <div class=\"thumb\"><img loading=\"lazy\" decoding=\"async\" width=\"1920\" height=\"1080\" src=\"https:\/\/rabiehoutiband.com\/wp-content\/uploads\/2021\/12\/rabie_houti_band_music_jmc_1920x1080-1.jpg\" class=\"attachment-full size-full wp-post-image\" alt=\"Rabie Houti Band\" srcset=\"https:\/\/rabiehoutiband.com\/wp-content\/uploads\/2021\/12\/rabie_houti_band_music_jmc_1920x1080-1.jpg 1920w, https:\/\/rabiehoutiband.com\/wp-content\/uploads\/2021\/12\/rabie_houti_band_music_jmc_1920x1080-1-300x169.jpg 300w, https:\/\/rabiehoutiband.com\/wp-content\/uploads\/2021\/12\/rabie_houti_band_music_jmc_1920x1080-1-1024x576.jpg 1024w, https:\/\/rabiehoutiband.com\/wp-content\/uploads\/2021\/12\/rabie_houti_band_music_jmc_1920x1080-1-768x432.jpg 768w, https:\/\/rabiehoutiband.com\/wp-content\/uploads\/2021\/12\/rabie_houti_band_music_jmc_1920x1080-1-1536x864.jpg 1536w, https:\/\/rabiehoutiband.com\/wp-content\/uploads\/2021\/12\/rabie_houti_band_music_jmc_1920x1080-1-600x338.jpg 600w\" sizes=\"auto, (max-width: 1920px) 100vw, 1920px\" \/><\/div><div class=\"content-wrap\"><div class=\"text-wrap\"><span class=\"post-date\">20 d\u00e9cembre 2021. <span> 9:42 AM<\/span><\/span><h3 class=\"headline-2\"><a href=\"https:\/\/rabiehoutiband.com\/index.php\/2021\/12\/20\/__trashed\/\">Rabie Houti &#8211; violoniste et leader du groupe Rabie Houti Band<\/a><\/h3><\/div><\/div>\n                    <\/div>\n                \n                    <div class=\"master-news mlr-1719506730 item-carousel \">\n                        <div class=\"thumb\"><img loading=\"lazy\" decoding=\"async\" width=\"1920\" height=\"1080\" src=\"https:\/\/rabiehoutiband.com\/wp-content\/uploads\/2021\/12\/rabie_houti_band_music_1920x1080-9.jpg\" class=\"attachment-full size-full wp-post-image\" alt=\"Rabie Houti Band\" srcset=\"https:\/\/rabiehoutiband.com\/wp-content\/uploads\/2021\/12\/rabie_houti_band_music_1920x1080-9.jpg 1920w, https:\/\/rabiehoutiband.com\/wp-content\/uploads\/2021\/12\/rabie_houti_band_music_1920x1080-9-300x169.jpg 300w, https:\/\/rabiehoutiband.com\/wp-content\/uploads\/2021\/12\/rabie_houti_band_music_1920x1080-9-1024x576.jpg 1024w, https:\/\/rabiehoutiband.com\/wp-content\/uploads\/2021\/12\/rabie_houti_band_music_1920x1080-9-768x432.jpg 768w, https:\/\/rabiehoutiband.com\/wp-content\/uploads\/2021\/12\/rabie_houti_band_music_1920x1080-9-1536x864.jpg 1536w, https:\/\/rabiehoutiband.com\/wp-content\/uploads\/2021\/12\/rabie_houti_band_music_1920x1080-9-600x338.jpg 600w\" sizes=\"auto, (max-width: 1920px) 100vw, 1920px\" \/><\/div><div class=\"content-wrap\"><div class=\"text-wrap\"><span class=\"post-date\">22 octobre 2019. <span> 8:00 AM<\/span><\/span><h3 class=\"headline-2\"><a href=\"https:\/\/rabiehoutiband.com\/index.php\/2019\/10\/22\/rabie-houti-violoniste-et-leader-du-groupe-rabie-houti-band\/\">Rabie Houti &#8211; violoniste et leader du groupe Rabie Houti Band<\/a><\/h3><\/div><\/div>\n                    <\/div>\n                        <\/div>\n    \t\t<\/div>\n\t\t\t\t<\/div>\n\t\t\t\t\t<\/div>\n\t\t<\/div>\n\t\t\t\t\t\t\t<\/div>\n\t\t<\/section>\n\t\t\t\t\t\t\t<\/div>\n\t\t","protected":false},"excerpt":{"rendered":"<p>A LA UNE Ev\u00e8nements \u00e0 Venir 15 d\u00e9cembre 2021. 8:00 AM Journ\u00e9es Musicales de Carthage (JMC) 22 octobre 2019. 8:00 AM Rabie Houti &#8211; violoniste et leader du groupe Rabie Houti Band<\/p>\n","protected":false},"author":1,"featured_media":0,"parent":0,"menu_order":0,"comment_status":"closed","ping_status":"closed","template":"","meta":{"_mi_skip_tracking":false,"footnotes":""},"class_list":["post-5431","page","type-page","status-publish","hentry"],"aioseo_notices":[],"_links":{"self":[{"href":"https:\/\/rabiehoutiband.com\/index.php\/wp-json\/wp\/v2\/pages\/5431","targetHints":{"allow":["GET"]}}],"collection":[{"href":"https:\/\/rabiehoutiband.com\/index.php\/wp-json\/wp\/v2\/pages"}],"about":[{"href":"https:\/\/rabiehoutiband.com\/index.php\/wp-json\/wp\/v2\/types\/page"}],"author":[{"embeddable":true,"href":"https:\/\/rabiehoutiband.com\/index.php\/wp-json\/wp\/v2\/users\/1"}],"replies":[{"embeddable":true,"href":"https:\/\/rabiehoutiband.com\/index.php\/wp-json\/wp\/v2\/comments?post=5431"}],"version-history":[{"count":46,"href":"https:\/\/rabiehoutiband.com\/index.php\/wp-json\/wp\/v2\/pages\/5431\/revisions"}],"predecessor-version":[{"id":5885,"href":"https:\/\/rabiehoutiband.com\/index.php\/wp-json\/wp\/v2\/pages\/5431\/revisions\/5885"}],"wp:attachment":[{"href":"https:\/\/rabiehoutiband.com\/index.php\/wp-json\/wp\/v2\/media?parent=5431"}],"curies":[{"name":"wp","href":"https:\/\/api.w.org\/{rel}","templated":true}]}}